{"id":11,"date":"2023-04-04T15:54:47","date_gmt":"2023-04-04T15:54:47","guid":{"rendered":"https:\/\/iimtc.net\/?page_id=11"},"modified":"2023-11-03T07:56:02","modified_gmt":"2023-11-03T07:56:02","slug":"registration","status":"publish","type":"page","link":"https:\/\/iimtc.net\/tr\/registration\/","title":{"rendered":"KAYIT"},"content":{"rendered":"\n<figure class=\"wp-block-image size-large\"><img loading=\"lazy\" decoding=\"async\" width=\"1024\" height=\"629\" src=\"https:\/\/iimtc.net\/wp-content\/uploads\/2023\/04\/Process-Diagram-2-1024x629.png\" alt=\"\" class=\"wp-image-282\" srcset=\"https:\/\/iimtc.net\/wp-content\/uploads\/2023\/04\/Process-Diagram-2-1024x629.png 1024w, https:\/\/iimtc.net\/wp-content\/uploads\/2023\/04\/Process-Diagram-2-300x184.png 300w, https:\/\/iimtc.net\/wp-content\/uploads\/2023\/04\/Process-Diagram-2-768x472.png 768w, https:\/\/iimtc.net\/wp-content\/uploads\/2023\/04\/Process-Diagram-2-1536x944.png 1536w, https:\/\/iimtc.net\/wp-content\/uploads\/2023\/04\/Process-Diagram-2.png 1544w\" sizes=\"auto, (max-width: 1024px) 100vw, 1024px\" \/><\/figure>\n\n\n\n<p>*D\u00fczenleme Komitesinin sundu\u011fu hizmetler aras\u0131nda konaklama, u\u00e7ak bileti, tur paketleri ve di\u011fer hizmetler yer almaktad\u0131r.<\/p>\n\n\n\n<p>Akademisyenler taraf\u0131ndan g\u00f6nderilen \u00f6zetler en fazla 300 kelime olmal\u0131d\u0131r.<\/p>\n\n\n\n<p><\/p>\n\n\n\n<p><br><strong>Konferans \u00fccreti<\/strong><\/p>\n\n\n\n<figure class=\"wp-block-table\"><table><tbody><tr><td>&nbsp;<\/td><td>Erken kay\u0131t<br>(30.08.23 tarihine kadar)<\/td><td>Kay\u0131t olmak <br>(30.08.23-15.09.23)<\/td><td>Ge\u00e7 Kay\u0131t<br>(15.09.23-30.11.23)<\/td><\/tr><tr><td>Kat\u0131l\u0131mc\u0131<\/td><td>$100<\/td><td>$150<\/td><td>$200<\/td><\/tr><tr><td>\u00d6\u011frenci<\/td><td>$75<\/td><td>$130<\/td><td>$175<\/td><\/tr><\/tbody><\/table><figcaption class=\"wp-element-caption\"><em>*Akademisyenlerin \u00f6deme \u00fccretleri makale \u00f6zetlerinin sisteme y\u00fcklenme tarihine g\u00f6re belirlenir.<\/em><\/figcaption><\/figure>\n\n\n\n<p><strong>Dinleyici \u00dccreti<\/strong><\/p>\n\n\n\n<figure class=\"wp-block-table\"><table><tbody><tr><td>&nbsp;<\/td><td>1-inci g\u00fcn<\/td><td>2-inci g\u00fcn<\/td><td>3-c\u00fc g\u00fcn<\/td><\/tr><tr><td>Bir ki\u015fi<\/td><td>$25<\/td><td>$40<\/td><td>$55<\/td><\/tr><\/tbody><\/table><\/figure>\n\n\n\n<ul class=\"wp-block-list\">\n<li>Bildiri g\u00f6nderen ki\u015filerin konferansa kay\u0131t yapt\u0131rmas\u0131 zorunludur. Konferans kayd\u0131n\u0131zdan sonraki 3 g\u00fcn i\u00e7inde bir e-posta alacaks\u0131n\u0131z.<\/li>\n\n\n\n<li>Konferansa kay\u0131t olduktan sonra, g\u00f6nderim.iimtc.net adresinden \u00f6deme dekontunu g\u00f6ndermeniz gerekmektedir.<\/li>\n\n\n\n<li>Kay\u0131t \u00fccretlerine KDV (VAT) dahildir.<\/li>\n\n\n\n<li>Kat\u0131l\u0131m belgesi yaln\u0131zca bildirilerini sunan kay\u0131tl\u0131 kat\u0131l\u0131mc\u0131lara verilecektir.<\/li>\n\n\n\n<li>&#8220;D\u0130NLEY\u0130C\u0130&#8221; olarak kat\u0131lmak isteyenlerin kay\u0131t olup kat\u0131l\u0131m \u00fccretini yat\u0131rmalar\u0131 gerekmektedir.<\/li>\n<\/ul>\n\n\n\n<p><strong>Kay\u0131t \u00dccretine Dahil Olan Hizmetler<\/strong><\/p>\n\n\n\n<ul class=\"wp-block-list\">\n<li>T\u00fcm konferans oturumlar\u0131na giri\u015f<\/li>\n\n\n\n<li>A\u00e7\u0131l\u0131\u015f t\u00f6reni<\/li>\n\n\n\n<li>Gala yeme\u011fi (tek ki\u015filik)<\/li>\n\n\n\n<li>Kat\u0131l\u0131m belgesi<\/li>\n<\/ul>\n\n\n\n<p><strong>Fazladan \u00fccret<\/strong><\/p>\n\n\n\n<ul class=\"wp-block-list\">\n<li>Sosyal aktivite<\/li>\n\n\n\n<li>\u015eehir turu<\/li>\n\n\n\n<li>U\u00e7ak bileti<\/li>\n\n\n\n<li>Konaklama<\/li>\n\n\n\n<li>Toplu ta\u015f\u0131ma<\/li>\n<\/ul>\n\n\n\n<p>Konaklama \u00fccreti<\/p>\n\n\n\n<figure class=\"wp-block-table\"><table><tbody><tr><td><strong>HOTELS<\/strong><\/td><td><strong>SNGL BB<\/strong><\/td><td><strong>DBL BB<\/strong><\/td><\/tr><tr><td>PREM\u0130UM PARK OTEL 4****<\/td><td>355 USD<\/td><td>275 USD<\/td><\/tr><tr><td>PARK S\u0130DE OTEL 4****<\/td><td>400 USD<\/td><td>310 USD<\/td><\/tr><tr><td>COULTYARD OTEL 4+****<\/td><td>495 USD<\/td><td>385 USD<\/td><\/tr><tr><td>FA\u0130RMONT OTEL 5*****<\/td><td>745 USD<\/td><td>495 USD<\/td><\/tr><\/tbody><\/table><figcaption class=\"wp-element-caption\">sngl bb; Konaklama tek ki\u015filik odada ki\u015fi ba\u015f\u0131, \u00e7ift ki\u015filik odada ki\u015fi ba\u015f\u0131 \u00e7ift ki\u015filik bb \u015feklinde olacakt\u0131r.<\/figcaption><\/figure>\n\n\n\n<p><\/p>\n\n\n\n<p id=\"tw-target-text\"><strong>Bu fiyatlara dahil olan hizmetler:<\/strong><br>*3 gece konaklama+kahvalt\u0131<br>*Programdaki transferler l\u00fcks otob\u00fcslerle yap\u0131lmaktad\u0131r.<br>*Programdaki geziler.<br>**Tur boyunca refakat.<br>*M\u00fcze giri\u015fleri programda belirtilmi\u015ftir.<br>*Otob\u00fcslerde su hizmeti.<br><br><strong>Bu fiyatlara dahil olmayan hizmetler:<br><\/strong>*U\u00e7ak Biletleri (ki\u015fi say\u0131s\u0131 ve g\u00fczergah netle\u015ftik\u00e7e hava yolu firmalar\u0131 ile g\u00f6r\u00fc\u015f\u00fclecektir);<br>*\u00d6\u011fle yeme\u011fi ve ak\u015fam yeme\u011fi.<br>*Triz Konferans\u0131 kat\u0131l\u0131m \u00fccreti belirlenecek.<br>*Bireysel gelenler i\u00e7in havaliman\u0131-otel-havaliman\u0131 transferleri.<\/p>\n\n\n\n<p><strong>\u00d6deme bilgileri:<\/strong><\/p>\n\n\n\n<p>Konferans kay\u0131t \u00fccretinin a\u015fa\u011f\u0131daki hesaba yat\u0131r\u0131lmas\u0131 ve \u00f6deme dekontunun info@iimtc.net adresine g\u00f6nderilmesi gerekmektedir.<\/p>\n\n\n\n<p><strong>USD hesab\u0131 i\u00e7in \u00f6deme ayr\u0131nt\u0131lar\u0131:<\/strong><\/p>\n\n\n\n<figure class=\"wp-block-table\"><table><tbody><tr><td>Al\u0131c\u0131 Ad\u0131:<\/td><td><strong>Innovation Management and TRIZ Institute LLC&nbsp;&nbsp;<\/strong><\/td><\/tr><tr><td>Hesap Numaras\u0131\/IBAN:&nbsp; <\/td><td><strong>AZ82UBAZ01783906040160USD001<\/strong><\/td><\/tr><tr><td>Yararlan\u0131c\u0131 Bankas\u0131: <\/td><td><strong>UNIBANK CB (Baku, AZ, Azerbaijan)<\/strong><\/td><\/tr><tr><td>S.W.I.F.T.:<strong> <\/strong><\/td><td><strong>UBAZAZ22<\/strong><\/td><\/tr><\/tbody><\/table><figcaption class=\"wp-element-caption\"><strong>BANKA HAVALES\u0130 YAPARKEN D\u0130KKAT ED\u0130LMES\u0130 GEREKEN KUSUSLAR:<\/strong> Bankadan havale yaparken \u015eirket ismini aynen yanda yaz\u0131ld\u0131\u011f\u0131 gibi kaydedin. ( B\u00fcy\u00fck &#8220;\u0130&#8221; harfi olacak \u015fekilde) <strong>\u0130nnovation Management and TR\u0130Z \u0130nstitute MMC<\/strong><\/figcaption><\/figure>\n\n\n\n<p><strong>EUR hesab\u0131 i\u00e7in \u00f6deme ayr\u0131nt\u0131lar\u0131:<\/strong><\/p>\n\n\n\n<figure class=\"wp-block-table\"><table><tbody><tr><td>Al\u0131c\u0131 Ad\u0131:<\/td><td><strong>Innovation Management and TRIZ Institute LLC&nbsp;&nbsp;<\/strong><\/td><\/tr><tr><td>Hesap Numaras\u0131\/IBAN:&nbsp;&nbsp; <\/td><td><strong>AZ30UBAZ01783906040160EUR001<\/strong><\/td><\/tr><tr><td>Yararlan\u0131c\u0131 Bankas\u0131: <\/td><td><strong>UNIBANK CB (Baku, AZ, Azerbaijan)<\/strong><\/td><\/tr><tr><td>S.W.I.F.T.:<strong> <\/strong><\/td><td><strong>UBAZAZ22<\/strong><\/td><\/tr><\/tbody><\/table><figcaption class=\"wp-element-caption\"><strong>BANKA HAVALES\u0130 YAPARKEN D\u0130KKAT ED\u0130LMES\u0130 GEREKEN KUSUSLAR:<\/strong> Bankadan havale yaparken \u015eirket ismini aynen yanda yaz\u0131ld\u0131\u011f\u0131 gibi kaydedin. ( B\u00fcy\u00fck &#8220;\u0130&#8221; harfi olacak \u015fekilde) <strong>\u0130nnovation Management and TR\u0130Z \u0130nstitute MMC<\/strong><\/figcaption><\/figure>\n\n\n\n<p><em>Kredi ve banka kartlar\u0131yla \u00f6demeler Eyl\u00fcl 2023&#8217;e kadar yap\u0131labilecek.<\/em><\/p>\n","protected":false},"excerpt":{"rendered":"<p>*D\u00fczenleme Komitesinin sundu\u011fu hizmetler aras\u0131nda konaklama, u\u00e7ak bileti, tur paketleri ve di\u011fer hizmetler yer almaktad\u0131r. Akademisyenler taraf\u0131ndan g\u00f6nderilen \u00f6zetler en&hellip; <\/p>\n","protected":false},"author":9,"featured_media":0,"parent":0,"menu_order":0,"comment_status":"closed","ping_status":"closed","template":"","meta":{"footnotes":""},"class_list":["post-11","page","type-page","status-publish","hentry"],"translation":{"provider":"WPGlobus","version":"2.12.2","language":"tr","enabled_languages":["en","tr"],"languages":{"en":{"title":true,"content":true,"excerpt":false},"tr":{"title":true,"content":true,"excerpt":false}}},"_links":{"self":[{"href":"https:\/\/iimtc.net\/tr\/wp-json\/wp\/v2\/pages\/11","targetHints":{"allow":["GET"]}}],"collection":[{"href":"https:\/\/iimtc.net\/tr\/wp-json\/wp\/v2\/pages"}],"about":[{"href":"https:\/\/iimtc.net\/tr\/wp-json\/wp\/v2\/types\/page"}],"author":[{"embeddable":true,"href":"https:\/\/iimtc.net\/tr\/wp-json\/wp\/v2\/users\/9"}],"replies":[{"embeddable":true,"href":"https:\/\/iimtc.net\/tr\/wp-json\/wp\/v2\/comments?post=11"}],"version-history":[{"count":78,"href":"https:\/\/iimtc.net\/tr\/wp-json\/wp\/v2\/pages\/11\/revisions"}],"predecessor-version":[{"id":737,"href":"https:\/\/iimtc.net\/tr\/wp-json\/wp\/v2\/pages\/11\/revisions\/737"}],"wp:attachment":[{"href":"https:\/\/iimtc.net\/tr\/wp-json\/wp\/v2\/media?parent=11"}],"curies":[{"name":"wp","href":"https:\/\/api.w.org\/{rel}","templated":true}]}}