{"id":14,"date":"2023-04-04T15:55:13","date_gmt":"2023-04-04T15:55:13","guid":{"rendered":"https:\/\/iimtc.net\/?page_id=14"},"modified":"2023-05-04T06:37:02","modified_gmt":"2023-05-04T06:37:02","slug":"contact","status":"publish","type":"page","link":"https:\/\/iimtc.net\/tr\/contact\/","title":{"rendered":"\u0130leti\u015fim"},"content":{"rendered":"\n<p><strong>Herhangi bir sorunuz i\u00e7in ileti\u015fim;<\/strong><br>E-posta: info@iimtc.net<\/p>\n\n\n\n<p><strong>Koordinat\u00f6r<\/strong><br>Ilgar Aslan (Innovation Management and TRIZ Institute)<\/p>\n\n\n\n<p><strong>Konaklama ve Kay\u0131t \/ Mekan Dan\u0131\u015fma<\/strong><br>SILA Turizm<br>Milenium Turizm<\/p>\n\n\n\n<p><strong>Seyahat \/ Ula\u015f\u0131m<\/strong><br>SILA Turizm<\/p>\n\n\n\n<p><strong>Konferans Oturumlar\u0131<\/strong><br>Web \/ Tasar\u0131m<br>Ali TOPAL, alitopal@teryazilim.com.tr<\/p>\n","protected":false},"excerpt":{"rendered":"<p>Herhangi bir sorunuz i\u00e7in ileti\u015fim;E-posta: info@iimtc.net Koordinat\u00f6rIlgar Aslan (Innovation Management and TRIZ Institute) Konaklama ve Kay\u0131t \/ Mekan Dan\u0131\u015fmaSILA TurizmMilenium&hellip; <\/p>\n","protected":false},"author":9,"featured_media":0,"parent":0,"menu_order":0,"comment_status":"closed","ping_status":"closed","template":"","meta":{"footnotes":""},"class_list":["post-14","page","type-page","status-publish","hentry"],"translation":{"provider":"WPGlobus","version":"2.12.2","language":"tr","enabled_languages":["en","tr"],"languages":{"en":{"title":true,"content":true,"excerpt":false},"tr":{"title":true,"content":true,"excerpt":false}}},"_links":{"self":[{"href":"https:\/\/iimtc.net\/tr\/wp-json\/wp\/v2\/pages\/14","targetHints":{"allow":["GET"]}}],"collection":[{"href":"https:\/\/iimtc.net\/tr\/wp-json\/wp\/v2\/pages"}],"about":[{"href":"https:\/\/iimtc.net\/tr\/wp-json\/wp\/v2\/types\/page"}],"author":[{"embeddable":true,"href":"https:\/\/iimtc.net\/tr\/wp-json\/wp\/v2\/users\/9"}],"replies":[{"embeddable":true,"href":"https:\/\/iimtc.net\/tr\/wp-json\/wp\/v2\/comments?post=14"}],"version-history":[{"count":8,"href":"https:\/\/iimtc.net\/tr\/wp-json\/wp\/v2\/pages\/14\/revisions"}],"predecessor-version":[{"id":335,"href":"https:\/\/iimtc.net\/tr\/wp-json\/wp\/v2\/pages\/14\/revisions\/335"}],"wp:attachment":[{"href":"https:\/\/iimtc.net\/tr\/wp-json\/wp\/v2\/media?parent=14"}],"curies":[{"name":"wp","href":"https:\/\/api.w.org\/{rel}","templated":true}]}}