{"id":16,"date":"2023-04-04T15:55:58","date_gmt":"2023-04-04T15:55:58","guid":{"rendered":"https:\/\/iimtc.net\/?page_id=16"},"modified":"2023-08-16T06:27:37","modified_gmt":"2023-08-16T06:27:37","slug":"scope-topics","status":"publish","type":"page","link":"https:\/\/iimtc.net\/tr\/conference\/scope-topics\/","title":{"rendered":"Kapsam \/ Konular"},"content":{"rendered":"\n<p>KONULAR: G\u00f6nderilecek ilgi konular\u0131 g\u00f6sterilenlerle s\u0131n\u0131rl\u0131 olmamakla, a\u015fa\u011f\u0131dak\u0131lar\u0131 i\u00e7erir:<\/p>\n\n\n\n<ul class=\"wp-block-list\">\n<li>Sosyal i\u00e7erme ve d\u00f6n\u00fc\u015f\u00fcm i\u00e7in IT&#8217;nin benimsenmesi<\/li>\n\n\n\n<li>Yapay zeka uygulamas\u0131<\/li>\n\n\n\n<li>Kripto para birimleri, blok zinciri ve yeni ekonomik\/sosyal mekanizmalar<\/li>\n\n\n\n<li>Afet Y\u00f6netimi ve \u0130novasyon<\/li>\n\n\n\n<li>E\u011fitim teknolojileri<\/li>\n\n\n\n<li>Giri\u015fimcilik<\/li>\n\n\n\n<li>Finans\/\u0130\u015fletme y\u00f6netimi<\/li>\n\n\n\n<li>K\u00fcresel Lojistik Y\u00f6netimi<\/li>\n\n\n\n<li>Bankac\u0131l\u0131k ve finans teknolojilerindeki yenilikler<\/li>\n\n\n\n<li>Biyoteknoloji, t\u0131p ve covid-19 ile m\u00fccadelede yenilikler<\/li>\n\n\n\n<li>Do\u011fal ve insan kaynakl\u0131 afetlerden koruma teknolojilerindeki yenilikler<\/li>\n\n\n\n<li>Arazi restorasyonu ve turizm teknolojilerindeki yenilikler<\/li>\n\n\n\n<li>Petrol ve gaz ve alternatif enerjilerdeki yenilikler<\/li>\n\n\n\n<li>Uzay ve havac\u0131l\u0131k teknolojilerindeki yenilikler<\/li>\n\n\n\n<li>Telekom\u00fcnikasyon sistemleri ve elektronikte yenilikler<\/li>\n\n\n\n<li>Ula\u015f\u0131mda yenilikler<\/li>\n\n\n\n<li>Organizasyonel yenilikler ve i\u015f yap\u0131lar\u0131<\/li>\n\n\n\n<li>\u00dcr\u00fcn Tasar\u0131m\u0131 ve Y\u00f6netimi<\/li>\n\n\n\n<li>\u00dcretim ve Operasyon Y\u00f6netimi<\/li>\n\n\n\n<li>Kamu Politikas\u0131 ve Y\u00f6netimi<\/li>\n\n\n\n<li>TRIZ\/Yarat\u0131c\u0131 Problem \u00c7\u00f6zme Teorisi ile sistematik yenilik<\/li>\n\n\n\n<li>Teknoloji geli\u015ftirme felsefesi ve TRIZ<\/li>\n\n\n\n<li>Teknoloji Y\u00f6netimi<\/li>\n\n\n\n<li>Teknoloji\/sosyal yenilik, teknoloji tabanl\u0131 sosyal giri\u015fimler<\/li>\n\n\n\n<li>Telekom\u00fcnikasyon<\/li>\n<\/ul>\n","protected":false},"excerpt":{"rendered":"<p>KONULAR: G\u00f6nderilecek ilgi konular\u0131 g\u00f6sterilenlerle s\u0131n\u0131rl\u0131 olmamakla, a\u015fa\u011f\u0131dak\u0131lar\u0131 i\u00e7erir:<\/p>\n","protected":false},"author":9,"featured_media":0,"parent":7,"menu_order":0,"comment_status":"closed","ping_status":"closed","template":"","meta":{"footnotes":""},"class_list":["post-16","page","type-page","status-publish","hentry"],"translation":{"provider":"WPGlobus","version":"2.12.2","language":"tr","enabled_languages":["en","tr"],"languages":{"en":{"title":true,"content":true,"excerpt":false},"tr":{"title":true,"content":true,"excerpt":false}}},"_links":{"self":[{"href":"https:\/\/iimtc.net\/tr\/wp-json\/wp\/v2\/pages\/16","targetHints":{"allow":["GET"]}}],"collection":[{"href":"https:\/\/iimtc.net\/tr\/wp-json\/wp\/v2\/pages"}],"about":[{"href":"https:\/\/iimtc.net\/tr\/wp-json\/wp\/v2\/types\/page"}],"author":[{"embeddable":true,"href":"https:\/\/iimtc.net\/tr\/wp-json\/wp\/v2\/users\/9"}],"replies":[{"embeddable":true,"href":"https:\/\/iimtc.net\/tr\/wp-json\/wp\/v2\/comments?post=16"}],"version-history":[{"count":5,"href":"https:\/\/iimtc.net\/tr\/wp-json\/wp\/v2\/pages\/16\/revisions"}],"predecessor-version":[{"id":492,"href":"https:\/\/iimtc.net\/tr\/wp-json\/wp\/v2\/pages\/16\/revisions\/492"}],"up":[{"embeddable":true,"href":"https:\/\/iimtc.net\/tr\/wp-json\/wp\/v2\/pages\/7"}],"wp:attachment":[{"href":"https:\/\/iimtc.net\/tr\/wp-json\/wp\/v2\/media?parent=16"}],"curies":[{"name":"wp","href":"https:\/\/api.w.org\/{rel}","templated":true}]}}