{"id":20,"date":"2023-04-04T15:56:42","date_gmt":"2023-04-04T15:56:42","guid":{"rendered":"https:\/\/iimtc.net\/?page_id=20"},"modified":"2023-11-19T19:05:23","modified_gmt":"2023-11-19T19:05:23","slug":"keynote-speakers","status":"publish","type":"page","link":"https:\/\/iimtc.net\/tr\/conference\/keynote-speakers\/","title":{"rendered":"A\u00e7\u0131l\u0131\u015f Konu\u015fmac\u0131lar\u0131"},"content":{"rendered":"\n<div class=\"wp-block-media-text alignwide is-stacked-on-mobile\" style=\"grid-template-columns:27% auto\"><figure class=\"wp-block-media-text__media\"><img loading=\"lazy\" decoding=\"async\" width=\"400\" height=\"500\" src=\"https:\/\/iimtc.net\/wp-content\/uploads\/2023\/08\/arid-pasayev.jpg\" alt=\"\" class=\"wp-image-454 size-full\" srcset=\"https:\/\/iimtc.net\/wp-content\/uploads\/2023\/08\/arid-pasayev.jpg 400w, https:\/\/iimtc.net\/wp-content\/uploads\/2023\/08\/arid-pasayev-240x300.jpg 240w\" sizes=\"auto, (max-width: 400px) 100vw, 400px\" \/><\/figure><div class=\"wp-block-media-text__content\">\n<p><strong>Prof. Dr. Arif Pa\u015fayev<\/strong> \u2013 Milli Havac\u0131l\u0131k Akademisi Rekt\u00f6r\u00fc<\/p>\n\n\n\n<p>1996 y\u0131l\u0131ndan bu yana Milli Havac\u0131l\u0131k Akademisi&#8217;nin rekt\u00f6r\u00fc Fizik &#8211; Matematik Bilimleri Doktoru, Profes\u00f6r, Azerbaycan Ulusal Bilimler Akademisi (ANAS) asil \u00fcyesi Arif Pa\u015fayev Mir Celal&#8217;dir. G\u00f6reve getirilmesinden bu yana Ulusal Havac\u0131l\u0131k Akademisi yeni bir geli\u015fme a\u015famas\u0131na girdi. Akademisyen A.M. Pa\u015fayev, e\u011fitim s\u00fcrecini ve ara\u015ft\u0131rma \u00e7al\u0131\u015fmalar\u0131n\u0131 modern gereksinimler d\u00fczeyinde d\u00fczenlemeyi ba\u015fard\u0131.<\/p>\n\n\n\n<p>Akademisyen Arif Pa\u015fayev, Ulusal M\u00fchendislik Akademisi&#8217;nin ba\u015fkan yard\u0131mc\u0131s\u0131, Azerbaycan M\u00fchendislik Akademisi&#8217;nin ba\u015fkan\u0131d\u0131r.<\/p>\n<\/div><\/div>\n\n\n\n<div class=\"wp-block-media-text alignwide is-stacked-on-mobile\" style=\"grid-template-columns:27% auto\"><figure class=\"wp-block-media-text__media\"><img loading=\"lazy\" decoding=\"async\" width=\"468\" height=\"592\" src=\"https:\/\/iimtc.net\/wp-content\/uploads\/2023\/08\/Musa-Yildiz.png\" alt=\"\" class=\"wp-image-459 size-full\" srcset=\"https:\/\/iimtc.net\/wp-content\/uploads\/2023\/08\/Musa-Yildiz.png 468w, https:\/\/iimtc.net\/wp-content\/uploads\/2023\/08\/Musa-Yildiz-237x300.png 237w\" sizes=\"auto, (max-width: 468px) 100vw, 468px\" \/><\/figure><div class=\"wp-block-media-text__content\">\n<p><strong>Prof. Dr. Musa YILDIZ<\/strong> \u2013 Gazi \u00dcniversitesi Rekt\u00f6r\u00fc<\/p>\n\n\n\n<p>Prof. Dr. Musa Y\u0131ld\u0131z, 1994 y\u0131l\u0131nda Gazi E\u011fitim Fak\u00fcltesi Arap Dili E\u011fitimi Anabilim Dal\u0131nda ara\u015ft\u0131rma g\u00f6revlisi oldu. 1996 y\u0131l\u0131nda Kahire \u00dcniversitesi&#8217;nde ara\u015ft\u0131rmalar yapt\u0131. Doktora program\u0131n\u0131 \u201cNecip Mahfuz&#8217;un Sembolik Romanlar\u0131\u201d (1998) ba\u015fl\u0131kl\u0131 teziyle tamamlad\u0131 ve ayn\u0131 y\u0131l Gazi \u00dcniversitesi Sosyal Bilimler Enstit\u00fcs\u00fc&#8217;ne \u00f6\u011fretim g\u00f6revlisi olarak atand\u0131. G\u00dc&#8217;de 2001 y\u0131l\u0131nda yard\u0131mc\u0131 do\u00e7ent, 2002 y\u0131l\u0131nda do\u00e7ent oldu. 2003-04 \u00f6\u011fretim d\u00f6neminde \u00dcrd\u00fcn \u00dcniversitesi&#8217;nde misafir \u00f6\u011fretim \u00fcyesi olarak g\u00f6rev yapt\u0131. 2007 y\u0131l\u0131nda profes\u00f6r unvan\u0131n\u0131 ald\u0131.<\/p>\n\n\n\n<p><\/p>\n<\/div><\/div>\n\n\n\n<div class=\"wp-block-media-text alignwide is-stacked-on-mobile\" style=\"grid-template-columns:27% auto\"><figure class=\"wp-block-media-text__media\"><img loading=\"lazy\" decoding=\"async\" width=\"200\" height=\"187\" src=\"https:\/\/iimtc.net\/wp-content\/uploads\/2023\/11\/7B3B0699-7D46-4EA3-8245-E09476919513_4_5005_c.jpeg\" alt=\"\" class=\"wp-image-754 size-full\"\/><\/figure><div class=\"wp-block-media-text__content\">\n<p><strong>Michael Rubin<\/strong> \u2013 TRIZ Master, Ba\u015fkan, Uluslararas\u0131 \u201cTRIZ Developers Derne\u011fi\u201d <\/p>\n\n\n\n<p>Rubin Mihail Semenovi\u00e7, 1954 y\u0131l\u0131nda Bak\u00fc&#8217;de do\u011fdu. 1973 y\u0131l\u0131nda TRIZ ile tan\u0131\u015ft\u0131. Bir\u00e7ok y\u0131l G.S. Alt\u015fuller&#8217;den \u00f6\u011frenim g\u00f6rd\u00fc. 1990 y\u0131l\u0131ndan beri Petrozavodsk&#8217;ta ya\u015f\u0131yor. Ana ara\u015ft\u0131rma konusu &#8211; TRIZ y\u00f6ntemleriyle tahmin yapma. G.S. Alt\u015fuller ile birlikte &#8220;Do\u011fa ve Teknik \u00dczerine Sekiz D\u00fc\u015f\u00fcnce&#8221; adl\u0131 medeniyetin geli\u015fim tahminini geli\u015ftirdi. Deneysel planlama teorisi, enerji, programlama, FSA ile ilgilendi, b\u00fcy\u00fck i\u015fletmelerin TRIZ analizlerini ger\u00e7ekle\u015ftirdi. Nata\u015fa Rubin ile birlikte birka\u00e7 y\u0131l \u00f6nce &#8220;Eretik&#8221; adl\u0131 bir yarat\u0131c\u0131l\u0131k kul\u00fcb\u00fc kurduk ve y\u00f6nettik. \u00c7ocuklara TRIZ ve RTV \u00f6\u011fretti.<\/p>\n<\/div><\/div>\n\n\n\n<div class=\"wp-block-media-text alignwide is-stacked-on-mobile\" style=\"grid-template-columns:29% auto\"><figure class=\"wp-block-media-text__media\"><img loading=\"lazy\" decoding=\"async\" width=\"300\" height=\"300\" src=\"https:\/\/iimtc.net\/wp-content\/uploads\/2023\/11\/81E6FD3B-1E72-464A-BB41-845506F9AF73_4_5005_c.jpeg\" alt=\"\" class=\"wp-image-753 size-full\" srcset=\"https:\/\/iimtc.net\/wp-content\/uploads\/2023\/11\/81E6FD3B-1E72-464A-BB41-845506F9AF73_4_5005_c.jpeg 300w, https:\/\/iimtc.net\/wp-content\/uploads\/2023\/11\/81E6FD3B-1E72-464A-BB41-845506F9AF73_4_5005_c-150x150.jpeg 150w\" sizes=\"auto, (max-width: 300px) 100vw, 300px\" \/><\/figure><div class=\"wp-block-media-text__content\">\n<p><strong>Viktor Fey<\/strong> \u2013 GEN TRIZ, LLC&#8217;da CEO<\/p>\n\n\n\n<p>Sistematik inovasyon i\u00e7in TRIZ tabanl\u0131 y\u00f6ntemlerin uygulanmas\u0131, geli\u015ftirilmesi ve \u00f6\u011fretilmesinde 30 y\u0131ll\u0131k deneyime sahip bir inovasyon dan\u0131\u015fman\u0131, e\u011fitmen ve yazar. Victor Fey, Global 1000&#8217;e kritik \u00e7\u0131\u011f\u0131r a\u00e7an \u00fcr\u00fcn ve teknoloji \u00e7\u00f6z\u00fcmleri sunma konusunda \u00e7apraz i\u015flevli ekiplere e\u011fitim verdi, dan\u0131\u015fmanl\u0131k yapt\u0131, kolayla\u015ft\u0131r\u0131c\u0131l\u0131k yapt\u0131 ve liderlik etti. Dan\u0131\u015fmanl\u0131k ve \u00f6\u011fretiminin do\u011frudan bir sonucu olarak, m\u00fc\u015fterileri en can s\u0131k\u0131c\u0131 teknolojik sorunlar\u0131n\u0131 \u00e7\u00f6zm\u00fc\u015f, \u00e7ok say\u0131da patent alm\u0131\u015f, \u00e7\u0131\u011f\u0131r a\u00e7an bulu\u015flar\u0131 hayata ge\u00e7irmi\u015f \u00e7\u00f6z\u00fcmler sunarak pazara yeni \u00fcr\u00fcnler sundu.<\/p>\n<\/div><\/div>\n\n\n\n<div class=\"wp-block-media-text alignwide is-stacked-on-mobile\" style=\"grid-template-columns:28% auto\"><figure class=\"wp-block-media-text__media\"><img loading=\"lazy\" decoding=\"async\" width=\"200\" height=\"200\" src=\"https:\/\/iimtc.net\/wp-content\/uploads\/2023\/07\/Ali-B.-Kutvan.jpeg\" alt=\"\" class=\"wp-image-431 size-full\" srcset=\"https:\/\/iimtc.net\/wp-content\/uploads\/2023\/07\/Ali-B.-Kutvan.jpeg 200w, https:\/\/iimtc.net\/wp-content\/uploads\/2023\/07\/Ali-B.-Kutvan-150x150.jpeg 150w\" sizes=\"auto, (max-width: 200px) 100vw, 200px\" \/><\/figure><div class=\"wp-block-media-text__content\">\n<p><strong>Prof. Dr. Ali B. Kutvan<\/strong> &#8211; Innovation Management and TRIZ Institute Ba\u015fkan\u0131<\/p>\n\n\n\n<p>Y\u00f6netim ve ileti\u015fim bilimlerinde \u00e7ift doktoras\u0131 vard\u0131r. Hacettepe \u00dcniversitesi (BA), \u0130stanbul Teknik \u00dcniversitesi (M.Sc), \u0130stanbul \u00dcniversitesi (Y\u00f6netim ve Organizasyon Doktora) ve Marmara \u00dcniversitesi (\u0130leti\u015fim Bilimleri Doktora) mezunudur. Bo\u011fazi\u00e7i ve Marmara \u00dcniversitelerinde \u00f6\u011fretim g\u00f6revlisi olarak \u00e7al\u0131\u015fm\u0131\u015f ve ayr\u0131ca Apple Computer&#8217;da Apple Global Education Project ve Apple University Consortium&#8217;dan sorumlu olarak \u00e7al\u0131\u015fm\u0131\u015ft\u0131r. Halen &#8220;Innovation Management and TRIZ Institute&#8221; Y\u00f6netim Kurulu Ba\u015fkan\u0131d\u0131r.<\/p>\n<\/div><\/div>\n\n\n\n<div class=\"wp-block-media-text alignwide is-stacked-on-mobile\" style=\"grid-template-columns:27% auto\"><figure class=\"wp-block-media-text__media\"><img loading=\"lazy\" decoding=\"async\" width=\"826\" height=\"950\" src=\"https:\/\/iimtc.net\/wp-content\/uploads\/2023\/11\/B369C3DD-8C88-41EF-A4A8-50CA19CF3D44_1_105_c.jpeg\" alt=\"\" class=\"wp-image-757 size-full\" srcset=\"https:\/\/iimtc.net\/wp-content\/uploads\/2023\/11\/B369C3DD-8C88-41EF-A4A8-50CA19CF3D44_1_105_c.jpeg 826w, https:\/\/iimtc.net\/wp-content\/uploads\/2023\/11\/B369C3DD-8C88-41EF-A4A8-50CA19CF3D44_1_105_c-261x300.jpeg 261w, https:\/\/iimtc.net\/wp-content\/uploads\/2023\/11\/B369C3DD-8C88-41EF-A4A8-50CA19CF3D44_1_105_c-768x883.jpeg 768w\" sizes=\"auto, (max-width: 826px) 100vw, 826px\" \/><\/figure><div class=\"wp-block-media-text__content\">\n<p class=\"has-medium-font-size\"><strong>\u00c7etin Elmas-<\/strong> Gazi \u00dcniversitesi Profes\u00f6r\u00fc<\/p>\n\n\n\n<p>Profesor Elmas, kariyeri boyunca bir\u00e7ok akademik birimin kurucusu ve ba\u015fkanl\u0131\u011f\u0131n\u0131 yapt\u0131. Akademik y\u00f6netim deneyimi, onu istenen \u00f6\u011fretim hedeflerine etkili bir \u015fekilde ula\u015fmak i\u00e7in BT dersi ve m\u00fcfredat\u0131n\u0131 planlama ve yap\u0131land\u0131rma konusunda uzman yapt\u0131. E-\u00f6\u011frenme, uzaktan \u00f6\u011frenme, yapay zeka, proje y\u00f6netimi ve BT sistemleri konular\u0131nda derinlemesine bilgi ve deneyime sahiptir. Medya prod\u00fcksiyonu konusunda sa\u011flam bilgiye sahiptir ve AV cihazlar\u0131, kay\u0131t ekipman\u0131, ayd\u0131nlatma, st\u00fcdyo setleri vb. dahil olmak \u00fczere medya ekipmanlar\u0131yla \u00e7al\u0131\u015fma becerisine sahiptir. Prof. Dr. \u00c7etin Elmas Uluslararas\u0131 Proje Y\u00f6netimi Derne\u011fi&#8217;nde aktif rol almaktad\u0131r. Dr. Elmas \u015fu anda IPMA Yapay Zeka SIG Global Ba\u015fkan\u0131, Proje Y\u00f6netimi Derne\u011fi Ba\u015fkan\u0131, End\u00fcstriyel Yapay Zeka Derne\u011fi Ba\u015fkan\u0131 ve 24. IPMA D\u00fcnya Kongresi \u0130stanbul&#8217;un Ba\u015fkan\u0131d\u0131r. Proje y\u00f6netimi konusunda lider akademisyendir. T\u00fcrkiye Ulusal Proje Y\u00f6netimi Yetkinliklerini geli\u015ftiren ekibin kurulmas\u0131nda g\u00f6rev ald\u0131.<\/p>\n<\/div><\/div>\n\n\n\n<div class=\"wp-block-media-text alignwide is-stacked-on-mobile\" style=\"grid-template-columns:29% auto\"><figure class=\"wp-block-media-text__media\"><img loading=\"lazy\" decoding=\"async\" width=\"200\" height=\"200\" src=\"https:\/\/iimtc.net\/wp-content\/uploads\/2023\/11\/57AC0A03-8AEB-41C9-AA89-06B0F2E51E27_4_5005_c.jpeg\" alt=\"\" class=\"wp-image-756 size-full\" srcset=\"https:\/\/iimtc.net\/wp-content\/uploads\/2023\/11\/57AC0A03-8AEB-41C9-AA89-06B0F2E51E27_4_5005_c.jpeg 200w, https:\/\/iimtc.net\/wp-content\/uploads\/2023\/11\/57AC0A03-8AEB-41C9-AA89-06B0F2E51E27_4_5005_c-150x150.jpeg 150w\" sizes=\"auto, (max-width: 200px) 100vw, 200px\" \/><\/figure><div class=\"wp-block-media-text__content\">\n<p><strong>John Godel<\/strong> \u2013 Agimage AI Kurucu Ba\u015fkan\u0131 ve CEO&#8217;su<\/p>\n\n\n\n<p>AlpineGate Technologies LLC&#8217;nin Ba\u015f Kurumsal Mimar\u0131 ve Kurucusu olarak \u00f6ncelikli tutkusu, yapay zeka ve Derin \u00d6\u011frenmenin muazzam potansiyelinden yararlanmak etraf\u0131nda d\u00f6n\u00fcyor; dikkate de\u011fer bir vurgu, yenili\u011fin \u00f6n saflar\u0131nda yer alan son teknoloji bir yapay zeka arac\u0131 olan AlbertAGPT&#8217;nin yarat\u0131lmas\u0131d\u0131r.<\/p>\n\n\n\n<p>Kontrol ve Bilgisayar M\u00fchendisli\u011fi alan\u0131nda 25 y\u0131l\u0131 a\u015fk\u0131n deneyimi ve y\u00fcksek lisans derecesi ile uzmanl\u0131\u011f\u0131 yapay zeka ve Derin \u00d6\u011frenme projelerine \u00f6nc\u00fcl\u00fck etmeye odaklanm\u0131\u015ft\u0131r. John Godel bu \u00e7\u00f6z\u00fcmleri bankac\u0131l\u0131k, finans ve telekom\u00fcnikasyon gibi \u00e7e\u015fitli sekt\u00f6rlerdeki m\u00fc\u015fterilere ba\u015far\u0131yla sunmu\u015ftur. Gelecek nesiller i\u00e7in daha iyi bir d\u00fcnya \u015fekillendirmek amac\u0131yla, \u00f6zellikle AlbertAGPT&#8217;nin \u00e7\u0131\u011f\u0131r a\u00e7an yetenekleri arac\u0131l\u0131\u011f\u0131yla, yapay zeka ve Derin \u00d6\u011frenme teknolojilerinde yenilik\u00e7ili\u011fi ve m\u00fckemmelli\u011fi te\u015fvik etmeye aral\u0131ks\u0131z odaklan\u0131yoruz.<\/p>\n<\/div><\/div>\n","protected":false},"excerpt":{"rendered":"<p>Prof. Dr. Arif Pa\u015fayev \u2013 Milli Havac\u0131l\u0131k Akademisi Rekt\u00f6r\u00fc 1996 y\u0131l\u0131ndan bu yana Milli Havac\u0131l\u0131k Akademisi&#8217;nin rekt\u00f6r\u00fc Fizik &#8211; Matematik&hellip; <\/p>\n","protected":false},"author":9,"featured_media":0,"parent":7,"menu_order":0,"comment_status":"closed","ping_status":"closed","template":"","meta":{"footnotes":""},"class_list":["post-20","page","type-page","status-publish","hentry"],"translation":{"provider":"WPGlobus","version":"2.12.2","language":"tr","enabled_languages":["en","tr"],"languages":{"en":{"title":true,"content":true,"excerpt":false},"tr":{"title":true,"content":true,"excerpt":false}}},"_links":{"self":[{"href":"https:\/\/iimtc.net\/tr\/wp-json\/wp\/v2\/pages\/20","targetHints":{"allow":["GET"]}}],"collection":[{"href":"https:\/\/iimtc.net\/tr\/wp-json\/wp\/v2\/pages"}],"about":[{"href":"https:\/\/iimtc.net\/tr\/wp-json\/wp\/v2\/types\/page"}],"author":[{"embeddable":true,"href":"https:\/\/iimtc.net\/tr\/wp-json\/wp\/v2\/users\/9"}],"replies":[{"embeddable":true,"href":"https:\/\/iimtc.net\/tr\/wp-json\/wp\/v2\/comments?post=20"}],"version-history":[{"count":63,"href":"https:\/\/iimtc.net\/tr\/wp-json\/wp\/v2\/pages\/20\/revisions"}],"predecessor-version":[{"id":773,"href":"https:\/\/iimtc.net\/tr\/wp-json\/wp\/v2\/pages\/20\/revisions\/773"}],"up":[{"embeddable":true,"href":"https:\/\/iimtc.net\/tr\/wp-json\/wp\/v2\/pages\/7"}],"wp:attachment":[{"href":"https:\/\/iimtc.net\/tr\/wp-json\/wp\/v2\/media?parent=20"}],"curies":[{"name":"wp","href":"https:\/\/api.w.org\/{rel}","templated":true}]}}