{"id":22,"date":"2023-04-04T15:57:00","date_gmt":"2023-04-04T15:57:00","guid":{"rendered":"https:\/\/iimtc.net\/?page_id=22"},"modified":"2023-12-01T13:34:19","modified_gmt":"2023-12-01T13:34:19","slug":"programme","status":"publish","type":"page","link":"https:\/\/iimtc.net\/tr\/conference\/programme\/","title":{"rendered":"Program"},"content":{"rendered":"\n<p>Konferans Ba\u011flant\u0131s\u0131 (7 Aral\u0131k- General):<\/p>\n\n\n\n<p><a href=\"https:\/\/teams.microsoft.com\/l\/meetup-join\/19%3aKBfYdfpq6TTSnp6NiFTPH3b8wMQQspwCab94IqN6sUQ1%40thread.tacv2\/1700567480693?context=%7b%22Tid%22%3a%22c49e94e5-0aaf-484f-acf2-fb247fb8b62c%22%2c%22Oid%22%3a%221f40d3bb-4516-4a5d-a2b5-23bf4a4f1b0c%22%7d\">https:\/\/teams.microsoft.com\/l\/meetup-join\/19%3aKBfYdfpq6TTSnp6NiFTPH3b8wMQQspwCab94IqN6sUQ1%40thread.tacv2\/1700567480693?context=%7b%22Tid%22%3a%22c49e94e5-0aaf-48 4f-acf2-fb247fb8b62c%22%2c %22Oid%22%3a%221f40d3bb-4516-4a5d-a2b5-23bf4a4f1b0c%22%7d<\/a><\/p>\n\n\n\n<figure class=\"wp-block-table\"><table><tbody><tr><td><strong>Zaman<\/strong><\/td><td class=\"has-text-align-center\" data-align=\"center\"><strong>Ba\u015fl\u0131klar<\/strong><\/td><td><strong>Notlar<\/strong><\/td><\/tr><tr><td><br><\/td><td class=\"has-text-align-center\" data-align=\"center\"><br><strong>7<\/strong> <strong>ARALIK<\/strong><br> <strong>G\u00dcN 1<\/strong><br><strong>MAA <strong>MERKEZ ZAL<\/strong><\/strong><\/td><td><br><\/td><\/tr><tr><td><strong>10:30-11:00<\/strong><\/td><td class=\"has-text-align-center\" data-align=\"center\">KAYIT<\/td><td><br><\/td><\/tr><tr><td><strong>11:00-11:05<\/strong><\/td><td class=\"has-text-align-center\" data-align=\"center\">Azerbaycan ve T\u00fcrkiye \u0130stiklal Mar\u015f\u0131<\/td><td><br><\/td><\/tr><tr><td><br><strong>11:05- 11:15<\/strong><\/td><td class=\"has-text-align-center\" data-align=\"center\">Altshuller Belgesel Film G\u00f6sterimi<\/td><td>Innovation management and TRIZ Institute<\/td><\/tr><tr><td><strong><br><strong>11:15-11:30<\/strong><\/strong><\/td><td class=\"has-text-align-center\" data-align=\"center\">Ho\u015f Geldiniz Konu\u015fmas\u0131<\/td><td><strong>Prof.Dr.Arif Pa\u015fayev<\/strong>, Rekt\u00f6r, Milli Havac\u0131l\u0131k Akademisi<\/td><\/tr><tr><td><strong><br><strong>11:30-11:45<\/strong><\/strong><\/td><td class=\"has-text-align-center\" data-align=\"center\">Ho\u015f Geldiniz Konu\u015fmas\u0131<\/td><td><strong>Prof.<\/strong><strong>Dr. Musa<\/strong><strong>Y\u0131ld\u0131z,<\/strong> Rector, Gazi Universty<\/td><\/tr><tr><td><strong><br><strong>11:45-12:00<\/strong><\/strong><\/td><td class=\"has-text-align-center\" data-align=\"center\"><br>Ho\u015f Geldiniz Konu\u015fmas\u0131<\/td><td><strong>Prof.<\/strong><strong>Dr.<\/strong><strong>Ali<\/strong><strong>B.<\/strong><strong>Kutvan,<\/strong>Ba\u015fkan, Innovation Management and TRIZ Institute<\/td><\/tr><tr><td><br><strong>12:00-12:30<\/strong><\/td><td class=\"has-text-align-center\" data-align=\"center\">ALTSHULLER ONUR \u00d6D\u00dcL\u00dc T\u00d6REN\u0130<\/td><td>Innovation Management and TRIZ Institute<\/td><\/tr><tr><td><br><strong>12:30-12:50<\/strong><\/td><td class=\"has-text-align-center\" data-align=\"center\">A\u00e7\u0131l\u0131\u015f Konu\u015fmac\u0131s\u0131<\/td><td><strong>VictorFey,<\/strong> TRIZ Master, TRIZ Group LLC Ba\u015fkan\u0131<\/td><\/tr><tr><td><br><strong>12:50-13:10<\/strong><\/td><td class=\"has-text-align-center\" data-align=\"center\">A\u00e7\u0131l\u0131\u015f Konu\u015fmac\u0131s\u0131<\/td><td><strong>John<\/strong><strong>Godel,<\/strong> (Alpine Technologies,USA)<\/td><\/tr><tr><td><strong>13:25-13:45<\/strong><\/td><td class=\"has-text-align-center\" data-align=\"center\">Gazi Universitesi \u2013 Milli Havac\u0131l\u0131k Akademisi Ortakl\u0131k Protokol\u00fc T\u00f6reni<\/td><td><br><br><\/td><\/tr><tr><td><strong>13:45-14:00<\/strong><\/td><td class=\"has-text-align-center\" data-align=\"center\">Kahve Molas\u0131 \/ Resepsiyon Salonu<\/td><td><br><\/td><\/tr><tr><td><strong>14:00-14:20<\/strong><\/td><td class=\"has-text-align-center\" data-align=\"center\">A\u00e7\u0131l\u0131\u015f Konu\u015fmac\u0131s\u0131<\/td><td><strong>Prof.<\/strong><strong>Dr.<\/strong><strong>\u00c7etin <\/strong><strong>Elmas<\/strong> Gazi Universitesi<\/td><\/tr><tr><td><strong><br><strong>14:05-14:25<\/strong><\/strong><\/td><td class=\"has-text-align-center\" data-align=\"center\">ALTSHULLER ONUR \u00d6D\u00dcL\u00dc T\u00d6REN\u0130 Gazi Universitesi \u2013 Milli Havac\u0131l\u0131k Akademisi Ortakl\u0131k Protokol\u00fc T\u00f6reni<\/td><td>Innovation Management and TRIZ Institute<\/td><\/tr><tr><td><strong><br><strong>14:25-14:40<\/strong><\/strong><\/td><td class=\"has-text-align-center\" data-align=\"center\">Kahve Molas\u0131 \/ Resepsiyon Salonu<\/td><td><br><\/td><\/tr><tr><td><br><strong><br><strong>14:40-14:55<\/strong><\/strong><\/td><td class=\"has-text-align-center\" data-align=\"center\"><br>TRIZ GRAN PRIX PREZENTASYON VE SEREMON\u0130<\/td><td><strong>Michael Rubin<\/strong><br>TRIZ Master, Ba\u015fkan, Uluslararas\u0131 \u201cTRIZ Developers Derne\u011fi\u201d<br>Toplant\u0131<\/td><\/tr><tr><td><br><strong><br><strong>14:55-16:25<\/strong><\/strong><\/td><td class=\"has-text-align-center\" data-align=\"center\"><strong>Panel II. Oturum<\/strong><\/td><td><br><strong>Saida Ahmadova<\/strong>  Triz club Sedri<br><strong>Victor Fey<\/strong>, TRIZ Master<br><strong>Michail Rubin, <\/strong>TRIZ Master<br><strong>&#8211; P.Amnuel, <\/strong>TRIZ Master (online)<br>&#8211; <strong>A.Kulakov, <\/strong>TRIZ Expert (online)<br><br><br><strong>Moderator: N. Aliyev<\/strong><br><strong>Executive Director of IMTI<\/strong><\/td><\/tr><tr><td><br><strong>18:30-18:45<\/strong><\/td><td class=\"has-text-align-center\" data-align=\"center\">Kapan\u0131\u015f konu\u015fmas\u0131 ve 1. g\u00fcn\u00fcn sonu<\/td><td><\/td><\/tr><tr><td><br><strong>20.00\u2013 22.30<\/strong><\/td><td class=\"has-text-align-center\" data-align=\"center\">Gala Yeme\u011fi<\/td><td><\/td><\/tr><tr><td><\/td><td class=\"has-text-align-center\" data-align=\"center\"><strong>8 ARALIK PER\u015eEMBE<br>2 G\u00dcN<br>NAA Oda N_<\/strong><\/td><td><\/td><\/tr><tr><td><br><strong>11:00-16:45<\/strong><\/td><td class=\"has-text-align-center\" data-align=\"center\">Bilimsel Makale Sunumu<\/td><td><br>MS Teams \/ Onlayn<\/td><\/tr><tr><td><br><strong>16:45-17:00<\/strong><\/td><td class=\"has-text-align-center\" data-align=\"center\">Kapan\u0131\u015f konu\u015fmas\u0131 ve kapan\u0131\u015f<br>konferans\u0131<\/td><td><\/td><\/tr><\/tbody><\/table><\/figure>\n","protected":false},"excerpt":{"rendered":"<p>Konferans Ba\u011flant\u0131s\u0131 (7 Aral\u0131k- General): https:\/\/teams.microsoft.com\/l\/meetup-join\/19%3aKBfYdfpq6TTSnp6NiFTPH3b8wMQQspwCab94IqN6sUQ1%40thread.tacv2\/1700567480693?context=%7b%22Tid%22%3a%22c49e94e5-0aaf-48 4f-acf2-fb247fb8b62c%22%2c %22Oid%22%3a%221f40d3bb-4516-4a5d-a2b5-23bf4a4f1b0c%22%7d Zaman Ba\u015fl\u0131klar Notlar 7 ARALIK G\u00dcN 1MAA MERKEZ ZAL 10:30-11:00 KAYIT 11:00-11:05&hellip; <\/p>\n","protected":false},"author":9,"featured_media":0,"parent":7,"menu_order":0,"comment_status":"closed","ping_status":"closed","template":"","meta":{"footnotes":""},"class_list":["post-22","page","type-page","status-publish","hentry"],"translation":{"provider":"WPGlobus","version":"2.12.2","language":"tr","enabled_languages":["en","tr"],"languages":{"en":{"title":true,"content":true,"excerpt":false},"tr":{"title":true,"content":true,"excerpt":false}}},"_links":{"self":[{"href":"https:\/\/iimtc.net\/tr\/wp-json\/wp\/v2\/pages\/22","targetHints":{"allow":["GET"]}}],"collection":[{"href":"https:\/\/iimtc.net\/tr\/wp-json\/wp\/v2\/pages"}],"about":[{"href":"https:\/\/iimtc.net\/tr\/wp-json\/wp\/v2\/types\/page"}],"author":[{"embeddable":true,"href":"https:\/\/iimtc.net\/tr\/wp-json\/wp\/v2\/users\/9"}],"replies":[{"embeddable":true,"href":"https:\/\/iimtc.net\/tr\/wp-json\/wp\/v2\/comments?post=22"}],"version-history":[{"count":19,"href":"https:\/\/iimtc.net\/tr\/wp-json\/wp\/v2\/pages\/22\/revisions"}],"predecessor-version":[{"id":796,"href":"https:\/\/iimtc.net\/tr\/wp-json\/wp\/v2\/pages\/22\/revisions\/796"}],"up":[{"embeddable":true,"href":"https:\/\/iimtc.net\/tr\/wp-json\/wp\/v2\/pages\/7"}],"wp:attachment":[{"href":"https:\/\/iimtc.net\/tr\/wp-json\/wp\/v2\/media?parent=22"}],"curies":[{"name":"wp","href":"https:\/\/api.w.org\/{rel}","templated":true}]}}