{"id":5,"date":"2023-04-04T15:52:58","date_gmt":"2023-04-04T15:52:58","guid":{"rendered":"https:\/\/iimtc.net\/?page_id=5"},"modified":"2023-11-15T12:41:08","modified_gmt":"2023-11-15T12:41:08","slug":"homepage","status":"publish","type":"page","link":"https:\/\/iimtc.net\/tr\/","title":{"rendered":"Ana Sayfa"},"content":{"rendered":"\n<p>Size Innovation Management and TRIZ Institute (IMTI), Ulusal Havac\u0131l\u0131k Akademisi (Azerbaycan) ve Gazi \u00dcniversitesi (T\u00fcrkiye) taraf\u0131ndan 7-10 Aral\u0131k 2023 tarihlerinde Bak\u00fc Azerbaycanda, Milli Havac\u0131l\u0131k Akademisinde (NAA) hibrit yani y\u00fcz-y\u00fcze ve s\u0131n\u0131rl\u0131 (\u00e7evrimi\u00e7i) olarak ger\u00e7ekle\u015ftirilecek olan Innovation Sciences and TRIZ \u00fczre \u201cInternational Innovation Management and TRIZ Conference\u201d hakk\u0131nda bilgi vermekten mutluluk duyar\u0131z. Konferans, d\u00fcnyada nadiren kullan\u0131lan ve olduk\u00e7a \u00f6nemli olan \u201c\u00dcniversite-Sanayi \u0130\u015fbirli\u011fi\u201d kavram\u0131n\u0131n uygulanaca\u011f\u0131 uluslararas\u0131 bilimsel konferans format\u0131nda ger\u00e7ekle\u015ftirilecektir. Bu i\u015fbirli\u011fi \u00e7er\u00e7evesinde, bilimsel alandaki kazan\u0131mlar\u0131n end\u00fcstriyel-i\u015f ortam\u0131nda pratik olarak uygulanmas\u0131<br>i\u00e7in belirli prosed\u00fcrler ve algoritmalar geli\u015ftirilmesi planlanmaktad\u0131r. IIMTC 2023\u2019\u00fcn dilleri&nbsp;<strong>\u0130ngilizce, T\u00fcrk\u00e7e ve Azerbaycancad\u0131r<\/strong>.<\/p>\n\n\n\n<p>IIMTC 2023\u2019\u00fcn ana temas\u0131 \u201cInnovation Management and TRIZ\/Theory of Innovative Problem Solving\u201ddir. Bununla birlikte, ba\u015fvuru sahiplerinin Sosyal Bilimler, Uygulamal\u0131 Bilimler ve Teknoloji alanlar\u0131nda orijinal ara\u015ft\u0131rma \u00e7al\u0131\u015fmalar\u0131 sunmalar\u0131 te\u015fvik edilir. Y\u00fcksek kaliteli, kabul edilen ve sunulan bildiriler \u0130ngilizce ve T\u00fcrk\u00e7e olarak&nbsp;<strong>ISSUU, Index Copernicus, Google Scholar, Calameo, Zenodo<\/strong>\u2018da indekslenen konferans kitaplar\u0131nda yay\u0131nlanacakt\u0131r.<\/p>\n\n\n\n<p>Makaleler&nbsp;<strong>SCOPUS\u2019ta<\/strong>&nbsp;indekslenen uluslararas\u0131 dergilerde, se\u00e7ilmi\u015f olanlar ise&nbsp;<strong>Springer\u2019da<\/strong>&nbsp;indekslenen dergilerde yay\u0131nlanacakt\u0131r.<\/p>\n\n\n\n<p>Ayr\u0131ca tam metinler, Aral\u0131k 2023\u2019te Uluslararas\u0131 Yay\u0131nevi (Akademik Y\u00fckselme ve Profes\u00f6rl\u00fck Ba\u015fvurular\u0131 i\u00e7in Uluslararas\u0131 Yay\u0131nevi olarak kabul edilen) taraf\u0131ndan edit\u00f6r\u00fcn takdirine ba\u011fl\u0131 olarak bir veya daha fazla uluslararas\u0131 edit\u00f6rl\u00fc e-kitapta kitap b\u00f6l\u00fcm\u00fc olarak yay\u0131nlanacakt\u0131r.<\/p>\n\n\n\n<p><strong>Not<\/strong>: T\u00fcm kat\u0131l\u0131mc\u0131lara sertifika verilecektir.<\/p>\n\n\n\n<figure class=\"wp-block-image size-full\"><img loading=\"lazy\" decoding=\"async\" width=\"1024\" height=\"273\" src=\"https:\/\/iimtc.net\/wp-content\/uploads\/2023\/07\/platinium-sponsor.jpg\" alt=\"\" class=\"wp-image-406\" srcset=\"https:\/\/iimtc.net\/wp-content\/uploads\/2023\/07\/platinium-sponsor.jpg 1024w, https:\/\/iimtc.net\/wp-content\/uploads\/2023\/07\/platinium-sponsor-300x80.jpg 300w, https:\/\/iimtc.net\/wp-content\/uploads\/2023\/07\/platinium-sponsor-768x205.jpg 768w\" sizes=\"auto, (max-width: 1024px) 100vw, 1024px\" \/><\/figure>\n\n\n\n<figure class=\"wp-block-image size-large\"><img loading=\"lazy\" decoding=\"async\" width=\"1024\" height=\"206\" src=\"https:\/\/iimtc.net\/wp-content\/uploads\/2023\/11\/Screen-Shot-2023-11-15-at-16.38.19-1024x206.png\" alt=\"\" class=\"wp-image-749\" srcset=\"https:\/\/iimtc.net\/wp-content\/uploads\/2023\/11\/Screen-Shot-2023-11-15-at-16.38.19-1024x206.png 1024w, https:\/\/iimtc.net\/wp-content\/uploads\/2023\/11\/Screen-Shot-2023-11-15-at-16.38.19-300x60.png 300w, https:\/\/iimtc.net\/wp-content\/uploads\/2023\/11\/Screen-Shot-2023-11-15-at-16.38.19-768x154.png 768w, https:\/\/iimtc.net\/wp-content\/uploads\/2023\/11\/Screen-Shot-2023-11-15-at-16.38.19-1536x308.png 1536w, https:\/\/iimtc.net\/wp-content\/uploads\/2023\/11\/Screen-Shot-2023-11-15-at-16.38.19.png 1734w\" sizes=\"auto, (max-width: 1024px) 100vw, 1024px\" \/><\/figure>\n\n\n\n<figure class=\"wp-block-image size-large\"><img loading=\"lazy\" decoding=\"async\" width=\"1024\" height=\"137\" src=\"https:\/\/iimtc.net\/wp-content\/uploads\/2023\/05\/sponsor-03-1024x137.jpg\" alt=\"\" class=\"wp-image-316\" srcset=\"https:\/\/iimtc.net\/wp-content\/uploads\/2023\/05\/sponsor-03-1024x137.jpg 1024w, https:\/\/iimtc.net\/wp-content\/uploads\/2023\/05\/sponsor-03-300x40.jpg 300w, https:\/\/iimtc.net\/wp-content\/uploads\/2023\/05\/sponsor-03-768x102.jpg 768w, https:\/\/iimtc.net\/wp-content\/uploads\/2023\/05\/sponsor-03.jpg 1500w\" sizes=\"auto, (max-width: 1024px) 100vw, 1024px\" \/><\/figure>\n\n\n\n<figure class=\"wp-block-image size-full\"><img loading=\"lazy\" decoding=\"async\" width=\"819\" height=\"109\" src=\"https:\/\/iimtc.net\/wp-content\/uploads\/2023\/10\/Screen-Shot-2023-10-06-at-2.02.01-PM-1.png\" alt=\"\" class=\"wp-image-702\" srcset=\"https:\/\/iimtc.net\/wp-content\/uploads\/2023\/10\/Screen-Shot-2023-10-06-at-2.02.01-PM-1.png 819w, https:\/\/iimtc.net\/wp-content\/uploads\/2023\/10\/Screen-Shot-2023-10-06-at-2.02.01-PM-1-300x40.png 300w, https:\/\/iimtc.net\/wp-content\/uploads\/2023\/10\/Screen-Shot-2023-10-06-at-2.02.01-PM-1-768x102.png 768w\" sizes=\"auto, (max-width: 819px) 100vw, 819px\" \/><\/figure>\n","protected":false},"excerpt":{"rendered":"<p>Size Innovation Management and TRIZ Institute (IMTI), Ulusal Havac\u0131l\u0131k Akademisi (Azerbaycan) ve Gazi \u00dcniversitesi (T\u00fcrkiye) taraf\u0131ndan 7-10 Aral\u0131k 2023 tarihlerinde&hellip; <\/p>\n","protected":false},"author":9,"featured_media":0,"parent":0,"menu_order":0,"comment_status":"closed","ping_status":"closed","template":"","meta":{"footnotes":""},"class_list":["post-5","page","type-page","status-publish","hentry"],"translation":{"provider":"WPGlobus","version":"2.12.2","language":"tr","enabled_languages":["en","tr"],"languages":{"en":{"title":true,"content":true,"excerpt":false},"tr":{"title":true,"content":true,"excerpt":false}}},"_links":{"self":[{"href":"https:\/\/iimtc.net\/tr\/wp-json\/wp\/v2\/pages\/5","targetHints":{"allow":["GET"]}}],"collection":[{"href":"https:\/\/iimtc.net\/tr\/wp-json\/wp\/v2\/pages"}],"about":[{"href":"https:\/\/iimtc.net\/tr\/wp-json\/wp\/v2\/types\/page"}],"author":[{"embeddable":true,"href":"https:\/\/iimtc.net\/tr\/wp-json\/wp\/v2\/users\/9"}],"replies":[{"embeddable":true,"href":"https:\/\/iimtc.net\/tr\/wp-json\/wp\/v2\/comments?post=5"}],"version-history":[{"count":67,"href":"https:\/\/iimtc.net\/tr\/wp-json\/wp\/v2\/pages\/5\/revisions"}],"predecessor-version":[{"id":813,"href":"https:\/\/iimtc.net\/tr\/wp-json\/wp\/v2\/pages\/5\/revisions\/813"}],"wp:attachment":[{"href":"https:\/\/iimtc.net\/tr\/wp-json\/wp\/v2\/media?parent=5"}],"curies":[{"name":"wp","href":"https:\/\/api.w.org\/{rel}","templated":true}]}}