{"id":558,"date":"2023-08-29T13:44:32","date_gmt":"2023-08-29T13:44:32","guid":{"rendered":"https:\/\/iimtc.net\/?page_id=558"},"modified":"2023-08-30T13:05:43","modified_gmt":"2023-08-30T13:05:43","slug":"visa-2","status":"publish","type":"page","link":"https:\/\/iimtc.net\/tr\/conference\/visa-2\/","title":{"rendered":"Visa hakk\u0131nda bilgiler"},"content":{"rendered":"\n<p>Azerbaycan Cumhuriyeti&#8217;ne gelen yabanc\u0131lara ve vatanda\u015fl\u0131\u011f\u0131 olmayan ki\u015filere verilen giri\u015f ve transit vize t\u00fcrleri bulunmaktad\u0131r. Giri\u015f say\u0131s\u0131na g\u00f6re giri\u015f vizeleri tek giri\u015fli ve \u00e7ok giri\u015fli vizelere, transit vizeler ise tek giri\u015fli ve \u00e7ift giri\u015fli vizelere ayr\u0131lmaktad\u0131r.<\/p>\n\n\n\n<p>Tek giri\u015fli vize \u2013 bu vize t\u00fcr\u00fc 90 g\u00fcne kadar ge\u00e7erlidir. Bu vize, bir yabanc\u0131n\u0131n ve vatanda\u015fl\u0131\u011f\u0131 olmayan bir ki\u015finin, belirtilen s\u00fcre i\u00e7inde \u00fclkeye yaln\u0131zca bir kez girip \u00e7\u0131kmas\u0131na izin verir.<\/p>\n\n\n\n<p>\u00c7oklu giri\u015f vizesi &#8211; bu vize t\u00fcr\u00fc 2 y\u0131la kadar ge\u00e7erlidir. Bu vize, bir yabanc\u0131n\u0131n ve vatanda\u015fl\u0131\u011f\u0131 olmayan bir ki\u015finin ilgili d\u00f6nem i\u00e7erisinde \u00fclkeye birden fazla giri\u015f ve \u00e7\u0131k\u0131\u015f yapmas\u0131na olanak sa\u011flar.<\/p>\n\n\n\n<p>Azerbaycan Cumhuriyeti topraklar\u0131ndan ge\u00e7mek \u00fczere \u00fc\u00e7\u00fcnc\u00fc \u00fclkelere giden yabanc\u0131lara ve vatanda\u015fl\u0131\u011f\u0131 olmayan ki\u015filere bir defal\u0131k ve iki defal\u0131k transit vize verilmektedir. Bu vize t\u00fcrlerinin ge\u00e7erlilik s\u00fcresi 30 g\u00fcne kadar, \u00fclkede kal\u0131\u015f s\u00fcresi ise 5 g\u00fcne kadard\u0131r. Transit vizeler, hava, deniz, demiryolu ve di\u011fer ula\u015f\u0131m ara\u00e7lar\u0131n\u0131n g\u00fczergah\u0131 ve \u00fczerinde harcanan s\u00fcre dikkate al\u0131narak verilmektedir.<\/p>\n\n\n\n<p>Yabanc\u0131lar ve vatanda\u015fl\u0131\u011f\u0131 olmayan ki\u015filer, vizede belirtilen kal\u0131\u015f amac\u0131 ve s\u00fcresi boyunca \u00fclke topraklar\u0131nda kalabilirler. Vizede belirtilen \u00fclkede kal\u0131\u015f s\u00fcresi, vizenin ge\u00e7erlilik s\u00fcresi boyunca kullan\u0131l\u0131r. Bu s\u00fcre i\u00e7erisinde kullan\u0131lmayan vize ge\u00e7ersizdir.<\/p>\n\n\n\n<p>Diplomatik ve hizmet kategorisine giri\u015f vizeleri yaln\u0131zca Azerbaycan Cumhuriyeti&#8217;ne resmi ziyaret amac\u0131yla gelen yabanc\u0131lara ve vatanda\u015fl\u0131\u011f\u0131 olmayan ki\u015filere verilmektedir.<\/p>\n\n\n\n<p>Azerbaycan Cumhuriyeti&#8217;ne a\u015fa\u011f\u0131daki ama\u00e7larla gelen yabanc\u0131lar ve vatanda\u015fl\u0131\u011f\u0131 olmayan ki\u015filer normal kategori giri\u015f vizesi alabilirler:<\/p>\n\n\n\n<p>\u0130\u015fletme<\/p>\n\n\n\n<p>Bilim<\/p>\n\n\n\n<p>E\u011fitim<\/p>\n\n\n\n<p>\u0130\u015f g\u00fcc\u00fc<\/p>\n\n\n\n<p>Turizm<\/p>\n\n\n\n<p>K\u00fclt\u00fcr<\/p>\n\n\n\n<p>Spor Dallar\u0131<\/p>\n\n\n\n<p>insani<\/p>\n\n\n\n<p>Tedavi<\/p>\n\n\n\n<p>\u00d6zel gezi<\/p>\n\n\n\n<p>Dikkat! Azerbaycan Cumhuriyeti&#8217;nde 15 g\u00fcnden fazla ge\u00e7ici olarak kalan yabanc\u0131lar\u0131n veya vatanda\u015fl\u0131\u011f\u0131 olmayan ki\u015filerin ikamet ettikleri yerde kay\u0131t yapt\u0131rmalar\u0131 gerekmektedir.<\/p>\n\n\n\n<p><\/p>\n\n\n\n<p>Asan V\u0130ZE<\/p>\n\n\n\n<p>&#8220;ASAN Vize&#8221; sistemi arac\u0131l\u0131\u011f\u0131yla verilen tek seferlik veya \u00e7ok giri\u015fli elektronik vize verme prosed\u00fcr\u00fc, Azerbaycan Cumhuriyeti Cumhurba\u015fkan\u0131na ba\u011fl\u0131 Devlet Vatanda\u015fl\u0131k Hizmetleri ve Sosyal Yenilikler Ajans\u0131 taraf\u0131ndan y\u00fcr\u00fct\u00fclmektedir. &#8220;ASAN Vize&#8221; sistemi \u00fczerinden 3 i\u015f g\u00fcn\u00fc s\u00fcreyle verilen tek seferlik e-vize i\u00e7in \u00fclkede kal\u0131\u015f s\u00fcresi 30 g\u00fcne kadar, \u00e7ok giri\u015fli e-vize i\u00e7in \u00fclkede kal\u0131\u015f s\u00fcresi 90 g\u00fcne kadard\u0131r.<\/p>\n\n\n\n<p>Ayr\u0131ca yabanc\u0131lar ve vatanda\u015fl\u0131\u011f\u0131 olmayan ki\u015filer, mesai d\u0131\u015f\u0131 g\u00fcn ve tatil g\u00fcnlerine bak\u0131lmaks\u0131z\u0131n &#8220;ASAN Vize&#8221; sistemi \u00fczerinden www.evisa.gov.az web sitesini ziyaret ederek 3 saat i\u00e7inde h\u0131zland\u0131r\u0131lm\u0131\u015f bir \u015fekilde tek seferlik elektronik vize ba\u015fvurusunda bulunabilirler.<\/p>\n\n\n\n<p><\/p>\n\n\n\n<p class=\"has-text-align-center\"><a href=\"https:\/\/evisa.gov.az\/en\/\">Detayl\u0131 bilgi i\u00e7in t\u0131klay\u0131n<\/a><\/p>\n","protected":false},"excerpt":{"rendered":"<p>Azerbaycan Cumhuriyeti&#8217;ne gelen yabanc\u0131lara ve vatanda\u015fl\u0131\u011f\u0131 olmayan ki\u015filere verilen giri\u015f ve transit vize t\u00fcrleri bulunmaktad\u0131r. Giri\u015f say\u0131s\u0131na g\u00f6re giri\u015f vizeleri&hellip; <\/p>\n","protected":false},"author":9,"featured_media":0,"parent":7,"menu_order":0,"comment_status":"closed","ping_status":"closed","template":"","meta":{"footnotes":""},"class_list":["post-558","page","type-page","status-publish","hentry"],"translation":{"provider":"WPGlobus","version":"2.12.2","language":"tr","enabled_languages":["en","tr"],"languages":{"en":{"title":true,"content":true,"excerpt":false},"tr":{"title":true,"content":true,"excerpt":false}}},"_links":{"self":[{"href":"https:\/\/iimtc.net\/tr\/wp-json\/wp\/v2\/pages\/558","targetHints":{"allow":["GET"]}}],"collection":[{"href":"https:\/\/iimtc.net\/tr\/wp-json\/wp\/v2\/pages"}],"about":[{"href":"https:\/\/iimtc.net\/tr\/wp-json\/wp\/v2\/types\/page"}],"author":[{"embeddable":true,"href":"https:\/\/iimtc.net\/tr\/wp-json\/wp\/v2\/users\/9"}],"replies":[{"embeddable":true,"href":"https:\/\/iimtc.net\/tr\/wp-json\/wp\/v2\/comments?post=558"}],"version-history":[{"count":10,"href":"https:\/\/iimtc.net\/tr\/wp-json\/wp\/v2\/pages\/558\/revisions"}],"predecessor-version":[{"id":579,"href":"https:\/\/iimtc.net\/tr\/wp-json\/wp\/v2\/pages\/558\/revisions\/579"}],"up":[{"embeddable":true,"href":"https:\/\/iimtc.net\/tr\/wp-json\/wp\/v2\/pages\/7"}],"wp:attachment":[{"href":"https:\/\/iimtc.net\/tr\/wp-json\/wp\/v2\/media?parent=558"}],"curies":[{"name":"wp","href":"https:\/\/api.w.org\/{rel}","templated":true}]}}