{"id":595,"date":"2023-09-14T15:14:07","date_gmt":"2023-09-14T15:14:07","guid":{"rendered":"https:\/\/iimtc.net\/?page_id=595"},"modified":"2023-10-07T09:45:39","modified_gmt":"2023-10-07T09:45:39","slug":"sponsorship","status":"publish","type":"page","link":"https:\/\/iimtc.net\/tr\/conference\/sponsorship\/","title":{"rendered":"Sponsorluk"},"content":{"rendered":"\n<figure class=\"wp-block-image size-large is-resized\"><img loading=\"lazy\" decoding=\"async\" src=\"https:\/\/iimtc.net\/wp-content\/uploads\/2023\/10\/journal-cover-1-724x1024.png\" alt=\"\" class=\"wp-image-669\" width=\"257\" height=\"363\" srcset=\"https:\/\/iimtc.net\/wp-content\/uploads\/2023\/10\/journal-cover-1-724x1024.png 724w, https:\/\/iimtc.net\/wp-content\/uploads\/2023\/10\/journal-cover-1-212x300.png 212w, https:\/\/iimtc.net\/wp-content\/uploads\/2023\/10\/journal-cover-1-768x1086.png 768w, https:\/\/iimtc.net\/wp-content\/uploads\/2023\/10\/journal-cover-1-1086x1536.png 1086w, https:\/\/iimtc.net\/wp-content\/uploads\/2023\/10\/journal-cover-1-1448x2048.png 1448w, https:\/\/iimtc.net\/wp-content\/uploads\/2023\/10\/journal-cover-1.png 1654w\" sizes=\"auto, (max-width: 257px) 100vw, 257px\" \/><\/figure>\n\n\n\n<p><\/p>\n\n\n\n<p><strong><mark style=\"background-color:rgba(0, 0, 0, 0)\" class=\"has-inline-color has-vivid-red-color\">Biyografi<\/mark><\/strong>:<\/p>\n\n\n\n<p><strong>Archives of Advanced Engineering Science<\/strong> hakk\u0131nda:<br>Archives of Advanced Engineering Science (ISSN: 2972-4325) kendisini akademisyenlerin ve operat\u00f6rlerin bu alandaki ara\u015ft\u0131rma \u00e7al\u0131\u015fmalar\u0131n\u0131, bak\u0131\u015f a\u00e7\u0131lar\u0131n\u0131 ve \u00e7\u00f6z\u00fcmlerini payla\u015fmalar\u0131 i\u00e7in bir platform sa\u011flamay\u0131 ama\u00e7layan \u00e7ok disiplinli bir dergi olarak tan\u0131mlamaktad\u0131r.<br>Alandaki teorik ve pratik \u00e7\u0131kt\u0131lar\u0131 \u00f6z\u00fcmsemek i\u00e7in \u0130leri M\u00fchendislik Bilimi Ar\u015fivi, bilim ve m\u00fchendisli\u011fin belirli bir y\u00f6n\u00fcyle s\u0131n\u0131rl\u0131 de\u011fildir; m\u00fchendislik bilimlerinin temel ve uygulamal\u0131 alanlar\u0131nda \u00e7ok \u00e7e\u015fitli alt alanlara ayr\u0131lm\u0131\u015ft\u0131r. Disiplinleraras\u0131 nitelikteki makaleler \u00f6zellikle memnuniyetle kar\u015f\u0131lanmaktad\u0131r. M\u00fchendislik bilimleri ve disiplinler aras\u0131 nitelikteki makaleler \u00f6zellikle memnuniyetle kar\u015f\u0131lan\u0131r; burada y\u00fcksek kaliteli ara\u015ft\u0131rmalar akademisyenler ve uygulay\u0131c\u0131lardan olu\u015fan geni\u015f bir okuyucu kitlesinden faydalan\u0131r, yaln\u0131zca y\u00fcksek al\u0131nt\u0131 oranlar\u0131 de\u011fil, ayn\u0131 zamanda end\u00fcstriyle ilgili somut etki yollar\u0131n\u0131n elde edildi\u011fi vb.<\/p>\n\n\n\n<p><a href=\"https:\/\/ojs.bonviewpress.com\/index.php\/AAES\/index\">https:\/\/ojs.bonviewpress.com\/index.php\/AAES\/index<\/a><\/p>\n\n\n\n<p><strong><em>Sponsorluk teklif dosyas\u0131na eri\u015fmek i\u00e7in<br>a\u015fa\u011f\u0131daki QR kodunu tarayabilirsiniz:<\/em><\/strong><\/p>\n\n\n\n<figure class=\"wp-block-image size-large is-resized\"><img loading=\"lazy\" decoding=\"async\" src=\"https:\/\/iimtc.net\/wp-content\/uploads\/2023\/09\/Sponsorship-Proposal--1024x1024.png\" alt=\"\" class=\"wp-image-603\" width=\"235\" height=\"235\" srcset=\"https:\/\/iimtc.net\/wp-content\/uploads\/2023\/09\/Sponsorship-Proposal--1024x1024.png 1024w, https:\/\/iimtc.net\/wp-content\/uploads\/2023\/09\/Sponsorship-Proposal--300x300.png 300w, https:\/\/iimtc.net\/wp-content\/uploads\/2023\/09\/Sponsorship-Proposal--150x150.png 150w, https:\/\/iimtc.net\/wp-content\/uploads\/2023\/09\/Sponsorship-Proposal--768x768.png 768w, https:\/\/iimtc.net\/wp-content\/uploads\/2023\/09\/Sponsorship-Proposal--1536x1536.png 1536w, https:\/\/iimtc.net\/wp-content\/uploads\/2023\/09\/Sponsorship-Proposal--2048x2048.png 2048w\" sizes=\"auto, (max-width: 235px) 100vw, 235px\" \/><\/figure>\n","protected":false},"excerpt":{"rendered":"<p>Biyografi: Archives of Advanced Engineering Science hakk\u0131nda:Archives of Advanced Engineering Science (ISSN: 2972-4325) kendisini akademisyenlerin ve operat\u00f6rlerin bu alandaki ara\u015ft\u0131rma&hellip; <\/p>\n","protected":false},"author":9,"featured_media":0,"parent":7,"menu_order":0,"comment_status":"closed","ping_status":"closed","template":"","meta":{"footnotes":""},"class_list":["post-595","page","type-page","status-publish","hentry"],"translation":{"provider":"WPGlobus","version":"2.12.2","language":"tr","enabled_languages":["en","tr"],"languages":{"en":{"title":true,"content":true,"excerpt":false},"tr":{"title":true,"content":true,"excerpt":false}}},"_links":{"self":[{"href":"https:\/\/iimtc.net\/tr\/wp-json\/wp\/v2\/pages\/595","targetHints":{"allow":["GET"]}}],"collection":[{"href":"https:\/\/iimtc.net\/tr\/wp-json\/wp\/v2\/pages"}],"about":[{"href":"https:\/\/iimtc.net\/tr\/wp-json\/wp\/v2\/types\/page"}],"author":[{"embeddable":true,"href":"https:\/\/iimtc.net\/tr\/wp-json\/wp\/v2\/users\/9"}],"replies":[{"embeddable":true,"href":"https:\/\/iimtc.net\/tr\/wp-json\/wp\/v2\/comments?post=595"}],"version-history":[{"count":18,"href":"https:\/\/iimtc.net\/tr\/wp-json\/wp\/v2\/pages\/595\/revisions"}],"predecessor-version":[{"id":677,"href":"https:\/\/iimtc.net\/tr\/wp-json\/wp\/v2\/pages\/595\/revisions\/677"}],"up":[{"embeddable":true,"href":"https:\/\/iimtc.net\/tr\/wp-json\/wp\/v2\/pages\/7"}],"wp:attachment":[{"href":"https:\/\/iimtc.net\/tr\/wp-json\/wp\/v2\/media?parent=595"}],"curies":[{"name":"wp","href":"https:\/\/api.w.org\/{rel}","templated":true}]}}