{"id":7,"date":"2023-04-04T15:53:40","date_gmt":"2023-04-04T15:53:40","guid":{"rendered":"https:\/\/iimtc.net\/?page_id=7"},"modified":"2024-02-13T06:42:12","modified_gmt":"2024-02-13T06:42:12","slug":"conference","status":"publish","type":"page","link":"https:\/\/iimtc.net\/tr\/conference\/","title":{"rendered":"Konferans"},"content":{"rendered":"\n<figure class=\"wp-block-image size-large is-resized\"><img loading=\"lazy\" decoding=\"async\" width=\"775\" height=\"1024\" src=\"https:\/\/iimtc.net\/wp-content\/uploads\/2024\/02\/Doc1-775x1024.jpg\" alt=\"\" class=\"wp-image-804\" style=\"width:199px;height:auto\" srcset=\"https:\/\/iimtc.net\/wp-content\/uploads\/2024\/02\/Doc1-775x1024.jpg 775w, https:\/\/iimtc.net\/wp-content\/uploads\/2024\/02\/Doc1-227x300.jpg 227w, https:\/\/iimtc.net\/wp-content\/uploads\/2024\/02\/Doc1-768x1015.jpg 768w, https:\/\/iimtc.net\/wp-content\/uploads\/2024\/02\/Doc1.jpg 1080w\" sizes=\"auto, (max-width: 775px) 100vw, 775px\" \/><\/figure>\n\n\n\n<p>Azerbaycan Milli Havac\u0131l\u0131k Akademisi, Innovation Management and TRIZ Institute ile Gazi \u00dcniversitesi (T\u00fcrkiye) taraf\u0131ndan 7-9 Aral\u0131k 2023 tarihlerinde Bak\u00fc&#8217;de d\u00fczenlenen ikinci Uluslararas\u0131 \u0130novasyon Y\u00f6netimi ve TRIZ Konferans\u0131&#8217;n\u0131n kitab\u0131 yay\u0131nland\u0131.<\/p>\n\n\n\n<p>Bildiri kitab\u0131n\u0131 indirmek i\u00e7in:<\/p>\n\n\n\n<p><a href=\"https:\/\/www.triz.az\/_files\/ugd\/65b0d5_c8e8cfcfcc8c4338a029a399892bd6f8.pdf\">https:\/\/www.triz.az\/_files\/ugd\/65b0d5_c8e8cfcfcc8c4338a029a399892bd6f8.pdf<\/a><\/p>\n","protected":false},"excerpt":{"rendered":"<p>Azerbaycan Milli Havac\u0131l\u0131k Akademisi, Innovation Management and TRIZ Institute ile Gazi \u00dcniversitesi (T\u00fcrkiye) taraf\u0131ndan 7-9 Aral\u0131k 2023 tarihlerinde Bak\u00fc&#8217;de d\u00fczenlenen&hellip; <\/p>\n","protected":false},"author":9,"featured_media":0,"parent":0,"menu_order":0,"comment_status":"closed","ping_status":"closed","template":"","meta":{"footnotes":""},"class_list":["post-7","page","type-page","status-publish","hentry"],"translation":{"provider":"WPGlobus","version":"2.12.2","language":"tr","enabled_languages":["en","tr"],"languages":{"en":{"title":true,"content":true,"excerpt":false},"tr":{"title":true,"content":true,"excerpt":false}}},"_links":{"self":[{"href":"https:\/\/iimtc.net\/tr\/wp-json\/wp\/v2\/pages\/7","targetHints":{"allow":["GET"]}}],"collection":[{"href":"https:\/\/iimtc.net\/tr\/wp-json\/wp\/v2\/pages"}],"about":[{"href":"https:\/\/iimtc.net\/tr\/wp-json\/wp\/v2\/types\/page"}],"author":[{"embeddable":true,"href":"https:\/\/iimtc.net\/tr\/wp-json\/wp\/v2\/users\/9"}],"replies":[{"embeddable":true,"href":"https:\/\/iimtc.net\/tr\/wp-json\/wp\/v2\/comments?post=7"}],"version-history":[{"count":6,"href":"https:\/\/iimtc.net\/tr\/wp-json\/wp\/v2\/pages\/7\/revisions"}],"predecessor-version":[{"id":811,"href":"https:\/\/iimtc.net\/tr\/wp-json\/wp\/v2\/pages\/7\/revisions\/811"}],"wp:attachment":[{"href":"https:\/\/iimtc.net\/tr\/wp-json\/wp\/v2\/media?parent=7"}],"curies":[{"name":"wp","href":"https:\/\/api.w.org\/{rel}","templated":true}]}}