{"id":77,"date":"2023-04-11T15:21:25","date_gmt":"2023-04-11T15:21:25","guid":{"rendered":"https:\/\/iimtc.net\/?page_id=77"},"modified":"2023-05-04T06:54:13","modified_gmt":"2023-05-04T06:54:13","slug":"venue","status":"publish","type":"page","link":"https:\/\/iimtc.net\/tr\/conference\/venue\/","title":{"rendered":"Mekan"},"content":{"rendered":"\n<p><strong>Ulusal Havac\u0131l\u0131k Akademisi<\/strong><br>Merdekan caddesi 30<br>Bak\u00fc, Azerbaycan<\/p>\n\n\n\n<figure class=\"wp-block-gallery has-nested-images columns-default is-cropped wp-block-gallery-1 is-layout-flex wp-block-gallery-is-layout-flex\">\n<figure class=\"wp-block-image size-large\"><img loading=\"lazy\" decoding=\"async\" width=\"460\" height=\"309\" data-id=\"162\" src=\"https:\/\/iimtc.net\/wp-content\/uploads\/2023\/04\/alitehsil-Milli-Aviasiya-Akademiyasi-edulistaz-tehsil-Baki-1.jpg\" alt=\"\" class=\"wp-image-162\" srcset=\"https:\/\/iimtc.net\/wp-content\/uploads\/2023\/04\/alitehsil-Milli-Aviasiya-Akademiyasi-edulistaz-tehsil-Baki-1.jpg 460w, https:\/\/iimtc.net\/wp-content\/uploads\/2023\/04\/alitehsil-Milli-Aviasiya-Akademiyasi-edulistaz-tehsil-Baki-1-300x202.jpg 300w\" sizes=\"auto, (max-width: 460px) 100vw, 460px\" \/><\/figure>\n<\/figure>\n\n\n\n<figure class=\"wp-block-gallery has-nested-images columns-default is-cropped wp-block-gallery-2 is-layout-flex wp-block-gallery-is-layout-flex\">\n<figure class=\"wp-block-image size-large\"><img loading=\"lazy\" decoding=\"async\" width=\"275\" height=\"183\" data-id=\"161\" src=\"https:\/\/iimtc.net\/wp-content\/uploads\/2023\/04\/download.jpg\" alt=\"\" class=\"wp-image-161\"\/><\/figure>\n\n\n\n<figure class=\"wp-block-image size-large\"><img loading=\"lazy\" decoding=\"async\" width=\"301\" height=\"168\" data-id=\"159\" src=\"https:\/\/iimtc.net\/wp-content\/uploads\/2023\/04\/images-1.jpg\" alt=\"\" class=\"wp-image-159\"\/><\/figure>\n\n\n\n<figure class=\"wp-block-image size-large\"><img loading=\"lazy\" decoding=\"async\" width=\"275\" height=\"183\" data-id=\"160\" src=\"https:\/\/iimtc.net\/wp-content\/uploads\/2023\/04\/images.jpg\" alt=\"\" class=\"wp-image-160\"\/><\/figure>\n<\/figure>\n","protected":false},"excerpt":{"rendered":"<p>Ulusal Havac\u0131l\u0131k AkademisiMerdekan caddesi 30Bak\u00fc, Azerbaycan<\/p>\n","protected":false},"author":9,"featured_media":0,"parent":7,"menu_order":0,"comment_status":"closed","ping_status":"closed","template":"","meta":{"footnotes":""},"class_list":["post-77","page","type-page","status-publish","hentry"],"translation":{"provider":"WPGlobus","version":"2.12.2","language":"tr","enabled_languages":["en","tr"],"languages":{"en":{"title":true,"content":true,"excerpt":false},"tr":{"title":true,"content":true,"excerpt":false}}},"_links":{"self":[{"href":"https:\/\/iimtc.net\/tr\/wp-json\/wp\/v2\/pages\/77","targetHints":{"allow":["GET"]}}],"collection":[{"href":"https:\/\/iimtc.net\/tr\/wp-json\/wp\/v2\/pages"}],"about":[{"href":"https:\/\/iimtc.net\/tr\/wp-json\/wp\/v2\/types\/page"}],"author":[{"embeddable":true,"href":"https:\/\/iimtc.net\/tr\/wp-json\/wp\/v2\/users\/9"}],"replies":[{"embeddable":true,"href":"https:\/\/iimtc.net\/tr\/wp-json\/wp\/v2\/comments?post=77"}],"version-history":[{"count":7,"href":"https:\/\/iimtc.net\/tr\/wp-json\/wp\/v2\/pages\/77\/revisions"}],"predecessor-version":[{"id":344,"href":"https:\/\/iimtc.net\/tr\/wp-json\/wp\/v2\/pages\/77\/revisions\/344"}],"up":[{"embeddable":true,"href":"https:\/\/iimtc.net\/tr\/wp-json\/wp\/v2\/pages\/7"}],"wp:attachment":[{"href":"https:\/\/iimtc.net\/tr\/wp-json\/wp\/v2\/media?parent=77"}],"curies":[{"name":"wp","href":"https:\/\/api.w.org\/{rel}","templated":true}]}}